{"id":14,"date":"2024-10-22T18:14:40","date_gmt":"2024-10-22T18:14:40","guid":{"rendered":"https:\/\/nexivis.live-website.com\/?page_id=14"},"modified":"2025-12-27T11:13:16","modified_gmt":"2025-12-27T11:13:16","slug":"mentions-legales","status":"publish","type":"page","link":"https:\/\/nexivis.ai\/fr\/mentions-legales\/","title":{"rendered":"Mentions l\u00e9gales"},"content":{"rendered":"<h1 class=\"wp-block-heading\" id=\"h-impressum\">Mentions l\u00e9gales<\/h1>\n\n\n\n<p>nexivis.ai<\/p>\n\n\n\n<p>Frank Horvath<\/p>\n\n\n\n<p><\/p>\n\n\n\n<p>Ortenaustr. 55, 76532 Baden-Baden<\/p>\n\n\n\n<p>PDG :<br>Frank Horvath<br><\/p>\n\n\n\n<p><strong>Contact<\/strong><br>T\u00e9l\u00e9phone : 07221 - 4099015 E-mail : info@nexivis.ai<\/p>\n\n\n\n<p><\/p>\n\n\n\n<p><\/p>\n\n\n\n<p><strong>Titre professionnel et r\u00e8gles professionnelles<\/strong><br>Berufsbezeichnung: Inhaber<br>Responsable de la r\u00e9daction : Frank Horvath<\/p>\n\n\n\n<p><strong>R\u00e8glement des litiges de consommation \/ Organe universel de conciliation 2 \/ 4<\/strong><br>Nous ne sommes pas pr\u00eats ou oblig\u00e9s de participer \u00e0 des proc\u00e9dures de r\u00e8glement des litiges devant un organisme de conciliation des consommateurs.<br>Source : https:\/\/www.e-recht24.de<\/p>","protected":false},"excerpt":{"rendered":"<p>Impressum nexivis.ai Frank Horvath Ortenaustr. 55, 76532 Baden-Baden CEO:Frank Horvath KontaktTelefon: 07221 \u2013 4099015 E-Mail: info@nexivis.ai Berufsbezeichnung und berufsrechtliche RegelungenBerufsbezeichnung: InhaberRedaktionell verantwortlich: Frank Horvath Verbraucherstreitbeilegung \/ Universalschlichtungsstelle 2 \/ 4Wir sind nicht bereit oder verpflichtet, an Streitbeilegungsverfahren vor einer Verbraucherschlichtungsstelle teilzunehmen.Quelle: https:\/\/www.e-recht24.de<\/p>","protected":false},"author":1,"featured_media":0,"parent":0,"menu_order":0,"comment_status":"closed","ping_status":"closed","template":"","meta":{"footnotes":""},"class_list":["post-14","page","type-page","status-publish","hentry"],"yoast_head":"<!-- This site is optimized with the Yoast SEO Premium plugin v24.4 (Yoast SEO v26.8) - https:\/\/yoast.com\/product\/yoast-seo-premium-wordpress\/ -->\n<title>Impressum - Nexivis<\/title>\n<meta name=\"robots\" content=\"index, follow, max-snippet:-1, max-image-preview:large, max-video-preview:-1\" \/>\n<link rel=\"canonical\" href=\"https:\/\/nexivis.ai\/fr\/mentions-legales\/\" \/>\n<meta property=\"og:locale\" content=\"fr_FR\" \/>\n<meta property=\"og:type\" content=\"article\" \/>\n<meta property=\"og:title\" content=\"Impressum\" \/>\n<meta property=\"og:description\" content=\"Impressum nexivis.ai Frank Horvath Ortenaustr. 55, 76532 Baden-Baden CEO:Frank Horvath KontaktTelefon: 07221 \u2013 4099015 E-Mail: info@nexivis.ai Berufsbezeichnung und berufsrechtliche RegelungenBerufsbezeichnung: InhaberRedaktionell verantwortlich: Frank Horvath Verbraucherstreitbeilegung \/ Universalschlichtungsstelle 2 \/ 4Wir sind nicht bereit oder verpflichtet, an Streitbeilegungsverfahren vor einer Verbraucherschlichtungsstelle teilzunehmen.Quelle: https:\/\/www.e-recht24.de\" \/>\n<meta property=\"og:url\" content=\"https:\/\/nexivis.ai\/fr\/mentions-legales\/\" \/>\n<meta property=\"og:site_name\" content=\"Nexivis\" \/>\n<meta property=\"article:modified_time\" content=\"2025-12-27T11:13:16+00:00\" \/>\n<meta name=\"twitter:card\" content=\"summary_large_image\" \/>\n<meta name=\"twitter:label1\" content=\"Dur\u00e9e de lecture estim\u00e9e\" \/>\n\t<meta name=\"twitter:data1\" content=\"1 minute\" \/>\n<script type=\"application\/ld+json\" class=\"yoast-schema-graph\">{\"@context\":\"https:\/\/schema.org\",\"@graph\":[{\"@type\":\"WebPage\",\"@id\":\"https:\/\/nexivis.ai\/impressum\/\",\"url\":\"https:\/\/nexivis.ai\/impressum\/\",\"name\":\"Impressum - Nexivis\",\"isPartOf\":{\"@id\":\"https:\/\/nexivis.ai\/#website\"},\"datePublished\":\"2024-10-22T18:14:40+00:00\",\"dateModified\":\"2025-12-27T11:13:16+00:00\",\"breadcrumb\":{\"@id\":\"https:\/\/nexivis.ai\/impressum\/#breadcrumb\"},\"inLanguage\":\"fr-FR\",\"potentialAction\":[{\"@type\":\"ReadAction\",\"target\":[\"https:\/\/nexivis.ai\/impressum\/\"]}]},{\"@type\":\"BreadcrumbList\",\"@id\":\"https:\/\/nexivis.ai\/impressum\/#breadcrumb\",\"itemListElement\":[{\"@type\":\"ListItem\",\"position\":1,\"name\":\"Startseite\",\"item\":\"https:\/\/nexivis.ai\/\"},{\"@type\":\"ListItem\",\"position\":2,\"name\":\"Impressum\"}]},{\"@type\":\"WebSite\",\"@id\":\"https:\/\/nexivis.ai\/#website\",\"url\":\"https:\/\/nexivis.ai\/\",\"name\":\"Nexivis\",\"description\":\"Eine andere WordPress-Site.\",\"publisher\":{\"@id\":\"https:\/\/nexivis.ai\/#organization\"},\"potentialAction\":[{\"@type\":\"SearchAction\",\"target\":{\"@type\":\"EntryPoint\",\"urlTemplate\":\"https:\/\/nexivis.ai\/?s={search_term_string}\"},\"query-input\":{\"@type\":\"PropertyValueSpecification\",\"valueRequired\":true,\"valueName\":\"search_term_string\"}}],\"inLanguage\":\"fr-FR\"},{\"@type\":\"Organization\",\"@id\":\"https:\/\/nexivis.ai\/#organization\",\"name\":\"Nexivis\",\"url\":\"https:\/\/nexivis.ai\/\",\"logo\":{\"@type\":\"ImageObject\",\"inLanguage\":\"fr-FR\",\"@id\":\"https:\/\/nexivis.ai\/#\/schema\/logo\/image\/\",\"url\":\"https:\/\/nexivis.ai\/wp-content\/uploads\/2024\/10\/logo-nexivis.webp\",\"contentUrl\":\"https:\/\/nexivis.ai\/wp-content\/uploads\/2024\/10\/logo-nexivis.webp\",\"width\":512,\"height\":512,\"caption\":\"Nexivis\"},\"image\":{\"@id\":\"https:\/\/nexivis.ai\/#\/schema\/logo\/image\/\"}}]}<\/script>\n<!-- \/ Yoast SEO Premium plugin. -->","yoast_head_json":{"title":"Mentions l\u00e9gales - Nexivis","robots":{"index":"index","follow":"follow","max-snippet":"max-snippet:-1","max-image-preview":"max-image-preview:large","max-video-preview":"max-video-preview:-1"},"canonical":"https:\/\/nexivis.ai\/fr\/mentions-legales\/","og_locale":"fr_FR","og_type":"article","og_title":"Impressum","og_description":"Impressum nexivis.ai Frank Horvath Ortenaustr. 55, 76532 Baden-Baden CEO:Frank Horvath KontaktTelefon: 07221 \u2013 4099015 E-Mail: info@nexivis.ai Berufsbezeichnung und berufsrechtliche RegelungenBerufsbezeichnung: InhaberRedaktionell verantwortlich: Frank Horvath Verbraucherstreitbeilegung \/ Universalschlichtungsstelle 2 \/ 4Wir sind nicht bereit oder verpflichtet, an Streitbeilegungsverfahren vor einer Verbraucherschlichtungsstelle teilzunehmen.Quelle: https:\/\/www.e-recht24.de","og_url":"https:\/\/nexivis.ai\/fr\/mentions-legales\/","og_site_name":"Nexivis","article_modified_time":"2025-12-27T11:13:16+00:00","twitter_card":"summary_large_image","twitter_misc":{"Dur\u00e9e de lecture estim\u00e9e":"1 minute"},"schema":{"@context":"https:\/\/schema.org","@graph":[{"@type":"WebPage","@id":"https:\/\/nexivis.ai\/impressum\/","url":"https:\/\/nexivis.ai\/impressum\/","name":"Mentions l\u00e9gales - Nexivis","isPartOf":{"@id":"https:\/\/nexivis.ai\/#website"},"datePublished":"2024-10-22T18:14:40+00:00","dateModified":"2025-12-27T11:13:16+00:00","breadcrumb":{"@id":"https:\/\/nexivis.ai\/impressum\/#breadcrumb"},"inLanguage":"fr-FR","potentialAction":[{"@type":"ReadAction","target":["https:\/\/nexivis.ai\/impressum\/"]}]},{"@type":"BreadcrumbList","@id":"https:\/\/nexivis.ai\/impressum\/#breadcrumb","itemListElement":[{"@type":"ListItem","position":1,"name":"Startseite","item":"https:\/\/nexivis.ai\/"},{"@type":"ListItem","position":2,"name":"Impressum"}]},{"@type":"WebSite","@id":"https:\/\/nexivis.ai\/#website","url":"https:\/\/nexivis.ai\/","name":"Nexivis","description":"Un autre site WordPress.","publisher":{"@id":"https:\/\/nexivis.ai\/#organization"},"potentialAction":[{"@type":"SearchAction","target":{"@type":"EntryPoint","urlTemplate":"https:\/\/nexivis.ai\/?s={search_term_string}"},"query-input":{"@type":"PropertyValueSpecification","valueRequired":true,"valueName":"search_term_string"}}],"inLanguage":"fr-FR"},{"@type":"Organization","@id":"https:\/\/nexivis.ai\/#organization","name":"Nexivis","url":"https:\/\/nexivis.ai\/","logo":{"@type":"ImageObject","inLanguage":"fr-FR","@id":"https:\/\/nexivis.ai\/#\/schema\/logo\/image\/","url":"https:\/\/nexivis.ai\/wp-content\/uploads\/2024\/10\/logo-nexivis.webp","contentUrl":"https:\/\/nexivis.ai\/wp-content\/uploads\/2024\/10\/logo-nexivis.webp","width":512,"height":512,"caption":"Nexivis"},"image":{"@id":"https:\/\/nexivis.ai\/#\/schema\/logo\/image\/"}}]}},"_links":{"self":[{"href":"https:\/\/nexivis.ai\/fr\/wp-json\/wp\/v2\/pages\/14","targetHints":{"allow":["GET"]}}],"collection":[{"href":"https:\/\/nexivis.ai\/fr\/wp-json\/wp\/v2\/pages"}],"about":[{"href":"https:\/\/nexivis.ai\/fr\/wp-json\/wp\/v2\/types\/page"}],"author":[{"embeddable":true,"href":"https:\/\/nexivis.ai\/fr\/wp-json\/wp\/v2\/users\/1"}],"replies":[{"embeddable":true,"href":"https:\/\/nexivis.ai\/fr\/wp-json\/wp\/v2\/comments?post=14"}],"version-history":[{"count":0,"href":"https:\/\/nexivis.ai\/fr\/wp-json\/wp\/v2\/pages\/14\/revisions"}],"wp:attachment":[{"href":"https:\/\/nexivis.ai\/fr\/wp-json\/wp\/v2\/media?parent=14"}],"curies":[{"name":"wp","href":"https:\/\/api.w.org\/{rel}","templated":true}]}}