{"id":12,"date":"2024-10-22T18:11:10","date_gmt":"2024-10-22T18:11:10","guid":{"rendered":"https:\/\/nexivis.live-website.com\/?page_id=12"},"modified":"2024-10-24T18:25:57","modified_gmt":"2024-10-24T18:25:57","slug":"conseil","status":"publish","type":"page","link":"https:\/\/nexivis.ai\/fr\/conseil\/","title":{"rendered":"Conseil"},"content":{"rendered":"","protected":false},"excerpt":{"rendered":"","protected":false},"author":1,"featured_media":0,"parent":0,"menu_order":0,"comment_status":"closed","ping_status":"closed","template":"page-beratung.php","meta":{"footnotes":""},"class_list":["post-12","page","type-page","status-publish","hentry"],"yoast_head":"<!-- This site is optimized with the Yoast SEO Premium plugin v24.4 (Yoast SEO v26.8) - https:\/\/yoast.com\/product\/yoast-seo-premium-wordpress\/ -->\n<title>Beratung - Nexivis<\/title>\n<meta name=\"description\" content=\"Sie sind unsicher ob Sie in Ihrem Unternehmen KI gest\u00fctzte L\u00f6sungen im Kundenmanagement einsetzen m\u00f6chten? Sprechen Sie mit unseren Experten.\" \/>\n<meta name=\"robots\" content=\"index, follow, max-snippet:-1, max-image-preview:large, max-video-preview:-1\" \/>\n<link rel=\"canonical\" href=\"https:\/\/nexivis.ai\/fr\/conseil\/\" \/>\n<meta property=\"og:locale\" content=\"fr_FR\" \/>\n<meta property=\"og:type\" content=\"article\" \/>\n<meta property=\"og:title\" content=\"Beratung\" \/>\n<meta property=\"og:description\" content=\"Sie sind unsicher ob Sie in Ihrem Unternehmen KI gest\u00fctzte L\u00f6sungen im Kundenmanagement einsetzen m\u00f6chten? Sprechen Sie mit unseren Experten.\" \/>\n<meta property=\"og:url\" content=\"https:\/\/nexivis.ai\/fr\/conseil\/\" \/>\n<meta property=\"og:site_name\" content=\"Nexivis\" \/>\n<meta property=\"article:modified_time\" content=\"2024-10-24T18:25:57+00:00\" \/>\n<meta name=\"twitter:card\" content=\"summary_large_image\" \/>\n<script type=\"application\/ld+json\" class=\"yoast-schema-graph\">{\"@context\":\"https:\/\/schema.org\",\"@graph\":[{\"@type\":\"WebPage\",\"@id\":\"https:\/\/nexivis.ai\/beratung\/\",\"url\":\"https:\/\/nexivis.ai\/beratung\/\",\"name\":\"Beratung - Nexivis\",\"isPartOf\":{\"@id\":\"https:\/\/nexivis.ai\/#website\"},\"datePublished\":\"2024-10-22T18:11:10+00:00\",\"dateModified\":\"2024-10-24T18:25:57+00:00\",\"description\":\"Sie sind unsicher ob Sie in Ihrem Unternehmen KI gest\u00fctzte L\u00f6sungen im Kundenmanagement einsetzen m\u00f6chten? Sprechen Sie mit unseren Experten.\",\"breadcrumb\":{\"@id\":\"https:\/\/nexivis.ai\/beratung\/#breadcrumb\"},\"inLanguage\":\"fr-FR\",\"potentialAction\":[{\"@type\":\"ReadAction\",\"target\":[\"https:\/\/nexivis.ai\/beratung\/\"]}]},{\"@type\":\"BreadcrumbList\",\"@id\":\"https:\/\/nexivis.ai\/beratung\/#breadcrumb\",\"itemListElement\":[{\"@type\":\"ListItem\",\"position\":1,\"name\":\"Startseite\",\"item\":\"https:\/\/nexivis.ai\/\"},{\"@type\":\"ListItem\",\"position\":2,\"name\":\"Beratung\"}]},{\"@type\":\"WebSite\",\"@id\":\"https:\/\/nexivis.ai\/#website\",\"url\":\"https:\/\/nexivis.ai\/\",\"name\":\"Nexivis\",\"description\":\"Eine andere WordPress-Site.\",\"publisher\":{\"@id\":\"https:\/\/nexivis.ai\/#organization\"},\"potentialAction\":[{\"@type\":\"SearchAction\",\"target\":{\"@type\":\"EntryPoint\",\"urlTemplate\":\"https:\/\/nexivis.ai\/?s={search_term_string}\"},\"query-input\":{\"@type\":\"PropertyValueSpecification\",\"valueRequired\":true,\"valueName\":\"search_term_string\"}}],\"inLanguage\":\"fr-FR\"},{\"@type\":\"Organization\",\"@id\":\"https:\/\/nexivis.ai\/#organization\",\"name\":\"Nexivis\",\"url\":\"https:\/\/nexivis.ai\/\",\"logo\":{\"@type\":\"ImageObject\",\"inLanguage\":\"fr-FR\",\"@id\":\"https:\/\/nexivis.ai\/#\/schema\/logo\/image\/\",\"url\":\"https:\/\/nexivis.ai\/wp-content\/uploads\/2024\/10\/logo-nexivis.webp\",\"contentUrl\":\"https:\/\/nexivis.ai\/wp-content\/uploads\/2024\/10\/logo-nexivis.webp\",\"width\":512,\"height\":512,\"caption\":\"Nexivis\"},\"image\":{\"@id\":\"https:\/\/nexivis.ai\/#\/schema\/logo\/image\/\"}}]}<\/script>\n<!-- \/ Yoast SEO Premium plugin. -->","yoast_head_json":{"title":"Conseil - Nexivis","description":"Vous n'\u00eates pas s\u00fbr de vouloir utiliser des solutions bas\u00e9es sur l'IA dans la gestion de la client\u00e8le de votre entreprise ? Parlez-en \u00e0 nos experts.","robots":{"index":"index","follow":"follow","max-snippet":"max-snippet:-1","max-image-preview":"max-image-preview:large","max-video-preview":"max-video-preview:-1"},"canonical":"https:\/\/nexivis.ai\/fr\/conseil\/","og_locale":"fr_FR","og_type":"article","og_title":"Beratung","og_description":"Sie sind unsicher ob Sie in Ihrem Unternehmen KI gest\u00fctzte L\u00f6sungen im Kundenmanagement einsetzen m\u00f6chten? Sprechen Sie mit unseren Experten.","og_url":"https:\/\/nexivis.ai\/fr\/conseil\/","og_site_name":"Nexivis","article_modified_time":"2024-10-24T18:25:57+00:00","twitter_card":"summary_large_image","schema":{"@context":"https:\/\/schema.org","@graph":[{"@type":"WebPage","@id":"https:\/\/nexivis.ai\/beratung\/","url":"https:\/\/nexivis.ai\/beratung\/","name":"Conseil - Nexivis","isPartOf":{"@id":"https:\/\/nexivis.ai\/#website"},"datePublished":"2024-10-22T18:11:10+00:00","dateModified":"2024-10-24T18:25:57+00:00","description":"Vous n'\u00eates pas s\u00fbr de vouloir utiliser des solutions bas\u00e9es sur l'IA dans la gestion de la client\u00e8le de votre entreprise ? Parlez-en \u00e0 nos experts.","breadcrumb":{"@id":"https:\/\/nexivis.ai\/beratung\/#breadcrumb"},"inLanguage":"fr-FR","potentialAction":[{"@type":"ReadAction","target":["https:\/\/nexivis.ai\/beratung\/"]}]},{"@type":"BreadcrumbList","@id":"https:\/\/nexivis.ai\/beratung\/#breadcrumb","itemListElement":[{"@type":"ListItem","position":1,"name":"Startseite","item":"https:\/\/nexivis.ai\/"},{"@type":"ListItem","position":2,"name":"Beratung"}]},{"@type":"WebSite","@id":"https:\/\/nexivis.ai\/#website","url":"https:\/\/nexivis.ai\/","name":"Nexivis","description":"Un autre site WordPress.","publisher":{"@id":"https:\/\/nexivis.ai\/#organization"},"potentialAction":[{"@type":"SearchAction","target":{"@type":"EntryPoint","urlTemplate":"https:\/\/nexivis.ai\/?s={search_term_string}"},"query-input":{"@type":"PropertyValueSpecification","valueRequired":true,"valueName":"search_term_string"}}],"inLanguage":"fr-FR"},{"@type":"Organization","@id":"https:\/\/nexivis.ai\/#organization","name":"Nexivis","url":"https:\/\/nexivis.ai\/","logo":{"@type":"ImageObject","inLanguage":"fr-FR","@id":"https:\/\/nexivis.ai\/#\/schema\/logo\/image\/","url":"https:\/\/nexivis.ai\/wp-content\/uploads\/2024\/10\/logo-nexivis.webp","contentUrl":"https:\/\/nexivis.ai\/wp-content\/uploads\/2024\/10\/logo-nexivis.webp","width":512,"height":512,"caption":"Nexivis"},"image":{"@id":"https:\/\/nexivis.ai\/#\/schema\/logo\/image\/"}}]}},"_links":{"self":[{"href":"https:\/\/nexivis.ai\/fr\/wp-json\/wp\/v2\/pages\/12","targetHints":{"allow":["GET"]}}],"collection":[{"href":"https:\/\/nexivis.ai\/fr\/wp-json\/wp\/v2\/pages"}],"about":[{"href":"https:\/\/nexivis.ai\/fr\/wp-json\/wp\/v2\/types\/page"}],"author":[{"embeddable":true,"href":"https:\/\/nexivis.ai\/fr\/wp-json\/wp\/v2\/users\/1"}],"replies":[{"embeddable":true,"href":"https:\/\/nexivis.ai\/fr\/wp-json\/wp\/v2\/comments?post=12"}],"version-history":[{"count":0,"href":"https:\/\/nexivis.ai\/fr\/wp-json\/wp\/v2\/pages\/12\/revisions"}],"wp:attachment":[{"href":"https:\/\/nexivis.ai\/fr\/wp-json\/wp\/v2\/media?parent=12"}],"curies":[{"name":"wp","href":"https:\/\/api.w.org\/{rel}","templated":true}]}}